{"id":832,"date":"2018-08-16T11:26:58","date_gmt":"2018-08-16T10:26:58","guid":{"rendered":"http:\/\/www.procarbenin.org\/?page_id=832"},"modified":"2020-11-25T01:36:32","modified_gmt":"2020-11-25T00:36:32","slug":"documents-padmar","status":"publish","type":"page","link":"https:\/\/procarbenin.org\/?page_id=832","title":{"rendered":"DOCUMENTS PADMAR"},"content":{"rendered":"\n<div class=\"wp-block-buttons is-layout-flex wp-block-buttons-is-layout-flex\">\n<div class=\"wp-block-button\"><a class=\"wp-block-button__link has-background has-vivid-cyan-blue-background-color\" href=\"https:\/\/www.procarbenin.org\/wp-content\/uploads\/2020\/11\/page-de-garde-SNTR.pdf\">page-de-garde-SNTR.pdf<\/a><\/div>\n<\/div>\n\n\n\n<div class=\"wp-block-buttons is-layout-flex wp-block-buttons-is-layout-flex\">\n<div class=\"wp-block-button\"><a class=\"wp-block-button__link has-background has-vivid-cyan-blue-background-color\" href=\"https:\/\/www.procarbenin.org\/wp-content\/uploads\/2020\/11\/Vol1_finalis\u00e9_MdP_actualis\u00e9.pdf\">Vol1_finalis\u00e9_MdP_actualis\u00e9.pdf<\/a><\/div>\n<\/div>\n\n\n\n<div class=\"wp-block-buttons is-layout-flex wp-block-buttons-is-layout-flex\">\n<div class=\"wp-block-button\"><a class=\"wp-block-button__link has-background has-vivid-cyan-blue-background-color\" href=\"https:\/\/www.procarbenin.org\/wp-content\/uploads\/2020\/11\/Doc-Synth\u00e8se-SNTR-FINA_-21-12-10.pdf\">Doc-Synth\u00e8se-SNTR-FINA_-21-12-10.pdf<\/a><\/div>\n<\/div>\n\n\n\n<div class=\"wp-block-buttons is-layout-flex wp-block-buttons-is-layout-flex\">\n<div class=\"wp-block-button\"><a class=\"wp-block-button__link has-text-color has-very-light-gray-color has-background has-vivid-cyan-blue-background-color\" href=\"https:\/\/www.procarbenin.org\/wp-content\/uploads\/2020\/11\/Vol2_finalis\u00e9_Classeur-doutils_actualis\u00e9.pdf\">Vol2_finalis\u00e9_Classeur-doutils_actualis\u00e9.pdf<\/a><\/div>\n<\/div>\n\n\n\n<p><\/p>\n\n\n<p>Cliquez sur le lien pour t\u00e9l\u00e9charger le : <a href=\"http:\/\/www.procarbenin.org\/wp-content\/uploads\/2018\/08\/PTBA.2018_PADMAR_-version.revis\u00e9-1.pdf\">PTBA.2018_PADMAR_ version.revis\u00e9<\/a><\/p>\n<p>Cliquez sur le lien pour t\u00e9l\u00e9charger le : <a href=\"http:\/\/www.procarbenin.org\/wp-content\/uploads\/2018\/08\/Rapport-de-supervision-PADMAR-avril-2018.pdf\">Rapport de supervision PADMAR avril 2018<\/a><\/p>","protected":false},"excerpt":{"rendered":"<p>Cliquez sur le lien pour t\u00e9l\u00e9charger le : PTBA.2018_PADMAR_ version.revis\u00e9 Cliquez sur le lien pour t\u00e9l\u00e9charger le : Rapport de supervision PADMAR avril 2018<\/p>\n","protected":false},"author":1,"featured_media":0,"parent":0,"menu_order":0,"comment_status":"closed","ping_status":"closed","template":"","meta":{"_monsterinsights_skip_tracking":false,"_monsterinsights_sitenote_active":false,"_monsterinsights_sitenote_note":"","_monsterinsights_sitenote_category":0,"iawp_total_views":67,"footnotes":""},"class_list":["post-832","page","type-page","status-publish","hentry"],"aioseo_notices":[],"_links":{"self":[{"href":"https:\/\/procarbenin.org\/index.php?rest_route=\/wp\/v2\/pages\/832","targetHints":{"allow":["GET"]}}],"collection":[{"href":"https:\/\/procarbenin.org\/index.php?rest_route=\/wp\/v2\/pages"}],"about":[{"href":"https:\/\/procarbenin.org\/index.php?rest_route=\/wp\/v2\/types\/page"}],"author":[{"embeddable":true,"href":"https:\/\/procarbenin.org\/index.php?rest_route=\/wp\/v2\/users\/1"}],"replies":[{"embeddable":true,"href":"https:\/\/procarbenin.org\/index.php?rest_route=%2Fwp%2Fv2%2Fcomments&post=832"}],"version-history":[{"count":5,"href":"https:\/\/procarbenin.org\/index.php?rest_route=\/wp\/v2\/pages\/832\/revisions"}],"predecessor-version":[{"id":2018,"href":"https:\/\/procarbenin.org\/index.php?rest_route=\/wp\/v2\/pages\/832\/revisions\/2018"}],"wp:attachment":[{"href":"https:\/\/procarbenin.org\/index.php?rest_route=%2Fwp%2Fv2%2Fmedia&parent=832"}],"curies":[{"name":"wp","href":"https:\/\/api.w.org\/{rel}","templated":true}]}}