{"id":380,"date":"2018-07-22T00:17:37","date_gmt":"2018-07-21T23:17:37","guid":{"rendered":"http:\/\/www.procarbenin.org\/?page_id=380"},"modified":"2020-02-25T20:14:11","modified_gmt":"2020-02-25T19:14:11","slug":"equipe-padaam","status":"publish","type":"page","link":"https:\/\/procarbenin.org\/?page_id=380","title":{"rendered":"EQUIPE PADAAM"},"content":{"rendered":"\n<h2 class=\"wp-block-heading\" style=\"text-align:center\">\t<!-- wpshopmart team builder design 1 wrapper -->\n\t<div class=\"wpsm_team_1_b_row\" id=\"wpsm_team_1_b_row_1792\">\n\t\t<div class=\"wpsm_row\">  \n\t\t\t<style>\n\t\t\t#wpsm_team_1_b_row_1792 .wpsm_team_1_member_wrapper_inner h3{\n\t\t\t\tcolor:#8224e3 !important;\n\t\t\t\tfont-size:20px !important;\n\t\t\t\t\t\t\t\t  font-family:'Open Sans';\n\t\t\t\t\t\t\t\t\n\t\t\t}\n\t\t\t#wpsm_team_1_b_row_1792 .wpsm_team_1_name_divider{\n\t\t\t\tbackground-color:#8224e3 !important;\n\t\t\t}\n\t\t\t#wpsm_team_1_b_row_1792 .wpsm_team_1_b_desig{\n\t\t\t\tcolor:#000000 !important;\n\t\t\t\tfont-size:20px !important;\n\t\t\t\t\t\t\t\t   font-family:'Open Sans';\n\t\t\t\t\t\t\t}\n\t\t\t#wpsm_team_1_b_row_1792 .wpsm_team_1_b_desc{\n\t\t\t\tcolor:#000000 !important;\n\t\t\t\tfont-size:20px !important;\n\t\t\t\t\t\t\t\t   font-family:'Open Sans';\n\t\t\t\t\t\t\t}\n\t\t\t#wpsm_team_1_b_row_1792  p{\n\t\t\t\tcolor:#000000 !important;\n\t\t\t\tfont-size:20px !important;\n\t\t\t    \t\t\t\t   font-family:'Open Sans';\n\t\t\t\t\t\t\t\t\n\t\t\t}\n\t\t\t\n\t\t\t#wpsm_team_1_b_row_1792 .wpsm_team_1_social_div a i{\n\t\t\t\tcolor:#4f4f4f !important;\n\t\t\t\tbackground:#e5e5e5 !important;\n\t\t\t}\n\t\t\t\t\t\t\n\t\t\t<\/style>\n\t\t\t\t\t\t \n\t\t\t\t\t<div class=\"wpsm_col-md-6 wpsm_col-sm-6 wpsm-col-div wpsm_single_team\">\n\t\t\t\t\t\t<div class=\"wpsm_team_1_member_wrapper\">\n\t\t\t\t\t\t\t<img decoding=\"async\" class=\"img-responsive wpsm_team_1_mem_img\" src=\"https:\/\/www.procarbenin.org\/wp-content\/uploads\/2019\/10\/CP.png\" alt=\"Olivier Serge AKPOVO\">\n\t\t\t\t\t\t\t<div class=\"wpsm_team_1_member_wrapper_inner\">\n\t\t\t\t\t\t\t\t<h3>\n\t\t\t\t\t\t\t\t\tOlivier Serge AKPOVO\t\t\t\t\t\t\t\t\t<div class=\"wpsm_team_1_name_divider\"><\/div>\n\t\t\t\t\t\t\t\t<\/h3>\n\t\t\t\t\t\t\t\t<span class=\"wpsm_team_1_b_desig\"> Chef Projet <\/span> \t\t\t\t\t\t\t\t<p class=\"wpsm_team_1_b_desc\"> Abomey-Calavi <\/p> \t\t\t\t\t\t\t\t<div class=\"wpsm_team_1_social_div\">\n\t\t\t\t\t\t\t\t\t\t\t\t\t\t\t\t\t\t\t\t\t\t\t\t\t\t\t\t\t\t\t\t\t\t\t\t\t\t\t\t\t\t\t\t<\/div>\n\t\t\t\t\t\t\t<\/div>\n\t\t\t\t\t\t<\/div>\n\t\t\t\t\t<\/div>\n\t\t\t\t\t\t\t\t\t\t\t\t\n\t\t<\/div>\n\t<\/div><\/h2>\n\n\n\n<h2 class=\"wp-block-heading\">\t<!-- wpshopmart team builder design 1 wrapper -->\n\t<div class=\"wpsm_team_1_b_row\" id=\"wpsm_team_1_b_row_1798\">\n\t\t<div class=\"wpsm_row\">  \n\t\t\t<style>\n\t\t\t#wpsm_team_1_b_row_1798 .wpsm_team_1_member_wrapper_inner h3{\n\t\t\t\tcolor:#000000 !important;\n\t\t\t\tfont-size:18px !important;\n\t\t\t\t\t\t\t\t  font-family:'Open Sans';\n\t\t\t\t\t\t\t\t\n\t\t\t}\n\t\t\t#wpsm_team_1_b_row_1798 .wpsm_team_1_name_divider{\n\t\t\t\tbackground-color:#000000 !important;\n\t\t\t}\n\t\t\t#wpsm_team_1_b_row_1798 .wpsm_team_1_b_desig{\n\t\t\t\tcolor:#000000 !important;\n\t\t\t\tfont-size:14px !important;\n\t\t\t\t\t\t\t\t   font-family:'Open Sans';\n\t\t\t\t\t\t\t}\n\t\t\t#wpsm_team_1_b_row_1798 .wpsm_team_1_b_desc{\n\t\t\t\tcolor:#000000 !important;\n\t\t\t\tfont-size:14px !important;\n\t\t\t\t\t\t\t\t   font-family:'Open Sans';\n\t\t\t\t\t\t\t}\n\t\t\t#wpsm_team_1_b_row_1798  p{\n\t\t\t\tcolor:#000000 !important;\n\t\t\t\tfont-size:14px !important;\n\t\t\t    \t\t\t\t   font-family:'Open Sans';\n\t\t\t\t\t\t\t\t\n\t\t\t}\n\t\t\t\n\t\t\t#wpsm_team_1_b_row_1798 .wpsm_team_1_social_div a i{\n\t\t\t\tcolor:#4f4f4f !important;\n\t\t\t\tbackground:#e5e5e5 !important;\n\t\t\t}\n\t\t\t\t\t\t\n\t\t\t<\/style>\n\t\t\t\t\t\t \n\t\t\t\t\t<div class=\"wpsm_col-md-4 wpsm_col-sm-6 wpsm-col-div wpsm_single_team\">\n\t\t\t\t\t\t<div class=\"wpsm_team_1_member_wrapper\">\n\t\t\t\t\t\t\t<img decoding=\"async\" class=\"img-responsive wpsm_team_1_mem_img\" src=\"https:\/\/www.procarbenin.org\/wp-content\/uploads\/2025\/02\/snam-rogner.jpg\" alt=\"Th\u00e9odore HOUNTONDJI\">\n\t\t\t\t\t\t\t<div class=\"wpsm_team_1_member_wrapper_inner\">\n\t\t\t\t\t\t\t\t<h3>\n\t\t\t\t\t\t\t\t\tTh\u00e9odore HOUNTONDJI\t\t\t\t\t\t\t\t\t<div class=\"wpsm_team_1_name_divider\"><\/div>\n\t\t\t\t\t\t\t\t<\/h3>\n\t\t\t\t\t\t\t\t<span class=\"wpsm_team_1_b_desig\"> Sp\u00e9cialiste National Agrobusiness Manioc, Responsable Unit\u00e9 R\u00e9gionale d&#039;Appui Centre <\/span> \t\t\t\t\t\t\t\t<p class=\"wpsm_team_1_b_desc\"> Abomey Calavi <\/p> \t\t\t\t\t\t\t\t<div class=\"wpsm_team_1_social_div\">\n\t\t\t\t\t\t\t\t\t\t\t\t\t\t\t\t\t\t\t\t\t\t\t\t\t\t\t\t\t\t\t\t\t\t\t\t\t\t\t\t\t\t\t\t<\/div>\n\t\t\t\t\t\t\t<\/div>\n\t\t\t\t\t\t<\/div>\n\t\t\t\t\t<\/div>\n\t\t\t\t\t\t\t\t\t\t\t\t\t \n\t\t\t\t\t<div class=\"wpsm_col-md-4 wpsm_col-sm-6 wpsm-col-div wpsm_single_team\">\n\t\t\t\t\t\t<div class=\"wpsm_team_1_member_wrapper\">\n\t\t\t\t\t\t\t<img decoding=\"async\" class=\"img-responsive wpsm_team_1_mem_img\" src=\"https:\/\/www.procarbenin.org\/wp-content\/uploads\/2019\/10\/SNAC.png\" alt=\"Olivier TONATO\">\n\t\t\t\t\t\t\t<div class=\"wpsm_team_1_member_wrapper_inner\">\n\t\t\t\t\t\t\t\t<h3>\n\t\t\t\t\t\t\t\t\tOlivier TONATO\t\t\t\t\t\t\t\t\t<div class=\"wpsm_team_1_name_divider\"><\/div>\n\t\t\t\t\t\t\t\t<\/h3>\n\t\t\t\t\t\t\t\t<span class=\"wpsm_team_1_b_desig\"> Sp\u00e9cialiste National Agrobusiness C\u00e9r\u00e9ales, Point Focal PADAAN \u00e0 l&#039;Unit\u00e9 R\u00e9gionale d&#039;Appui Sud <\/span> \t\t\t\t\t\t\t\t<p class=\"wpsm_team_1_b_desc\"> Bohicon <\/p> \t\t\t\t\t\t\t\t<div class=\"wpsm_team_1_social_div\">\n\t\t\t\t\t\t\t\t\t\t\t\t\t\t\t\t\t\t\t\t\t\t\t\t\t\t\t\t\t\t\t\t\t\t\t\t\t\t\t\t\t\t\t\t<\/div>\n\t\t\t\t\t\t\t<\/div>\n\t\t\t\t\t\t<\/div>\n\t\t\t\t\t<\/div>\n\t\t\t\t\t\t\t\t\t\t\t\t\t \n\t\t\t\t\t<div class=\"wpsm_col-md-4 wpsm_col-sm-6 wpsm-col-div wpsm_single_team\">\n\t\t\t\t\t\t<div class=\"wpsm_team_1_member_wrapper\">\n\t\t\t\t\t\t\t<img decoding=\"async\" class=\"img-responsive wpsm_team_1_mem_img\" src=\"https:\/\/www.procarbenin.org\/wp-content\/uploads\/2019\/10\/SIR.png\" alt=\"Adelphe MONTCHO\">\n\t\t\t\t\t\t\t<div class=\"wpsm_team_1_member_wrapper_inner\">\n\t\t\t\t\t\t\t\t<h3>\n\t\t\t\t\t\t\t\t\tAdelphe MONTCHO\t\t\t\t\t\t\t\t\t<div class=\"wpsm_team_1_name_divider\"><\/div>\n\t\t\t\t\t\t\t\t<\/h3>\n\t\t\t\t\t\t\t\t<span class=\"wpsm_team_1_b_desig\"> Sp\u00e9cialiste Infrastructures Rurales <\/span> \t\t\t\t\t\t\t\t<p class=\"wpsm_team_1_b_desc\"> Abomey-Calavi <\/p> \t\t\t\t\t\t\t\t<div class=\"wpsm_team_1_social_div\">\n\t\t\t\t\t\t\t\t\t\t\t\t\t\t\t\t\t\t\t\t\t\t\t\t\t\t\t\t\t\t\t\t\t\t\t\t\t\t\t\t\t\t\t\t<\/div>\n\t\t\t\t\t\t\t<\/div>\n\t\t\t\t\t\t<\/div>\n\t\t\t\t\t<\/div>\n\t\t\t\t\t\t\t\t\t\t\t<\/div>\n\t\t\t\t\t\t<div class=\"wpsm_row\">\n\t\t\t\t\t\t\t\t\t\t\t\t\t\t \n\t\t\t\t\t<div class=\"wpsm_col-md-4 wpsm_col-sm-6 wpsm-col-div wpsm_single_team\">\n\t\t\t\t\t\t<div class=\"wpsm_team_1_member_wrapper\">\n\t\t\t\t\t\t\t<img decoding=\"async\" class=\"img-responsive wpsm_team_1_mem_img\" src=\"https:\/\/www.procarbenin.org\/wp-content\/uploads\/2019\/10\/SOPP.png\" alt=\"Ida LEGBANON\">\n\t\t\t\t\t\t\t<div class=\"wpsm_team_1_member_wrapper_inner\">\n\t\t\t\t\t\t\t\t<h3>\n\t\t\t\t\t\t\t\t\tIda LEGBANON\t\t\t\t\t\t\t\t\t<div class=\"wpsm_team_1_name_divider\"><\/div>\n\t\t\t\t\t\t\t\t<\/h3>\n\t\t\t\t\t\t\t\t<span class=\"wpsm_team_1_b_desig\"> Sp\u00e9cialiste charg\u00e9e des Organisations Professionnelles Agricoles et de la Production <\/span> \t\t\t\t\t\t\t\t<p class=\"wpsm_team_1_b_desc\"> Bohicon <\/p> \t\t\t\t\t\t\t\t<div class=\"wpsm_team_1_social_div\">\n\t\t\t\t\t\t\t\t\t\t\t\t\t\t\t\t\t\t\t\t\t\t\t\t\t\t\t\t\t\t\t\t\t\t\t\t\t\t\t\t\t\t\t\t<\/div>\n\t\t\t\t\t\t\t<\/div>\n\t\t\t\t\t\t<\/div>\n\t\t\t\t\t<\/div>\n\t\t\t\t\t\t\t\t\t\t\t\t\t \n\t\t\t\t\t<div class=\"wpsm_col-md-4 wpsm_col-sm-6 wpsm-col-div wpsm_single_team\">\n\t\t\t\t\t\t<div class=\"wpsm_team_1_member_wrapper\">\n\t\t\t\t\t\t\t<img decoding=\"async\" class=\"img-responsive wpsm_team_1_mem_img\" src=\"https:\/\/www.procarbenin.org\/wp-content\/uploads\/2019\/10\/Thales_CSE.png\" alt=\"Thal\u00e8s FIOGBE\">\n\t\t\t\t\t\t\t<div class=\"wpsm_team_1_member_wrapper_inner\">\n\t\t\t\t\t\t\t\t<h3>\n\t\t\t\t\t\t\t\t\tThal\u00e8s FIOGBE\t\t\t\t\t\t\t\t\t<div class=\"wpsm_team_1_name_divider\"><\/div>\n\t\t\t\t\t\t\t\t<\/h3>\n\t\t\t\t\t\t\t\t<span class=\"wpsm_team_1_b_desig\"> Charg\u00e9 du Suivi-Evaluation <\/span> \t\t\t\t\t\t\t\t<p class=\"wpsm_team_1_b_desc\"> Abomey-Calavi <\/p> \t\t\t\t\t\t\t\t<div class=\"wpsm_team_1_social_div\">\n\t\t\t\t\t\t\t\t\t\t\t\t\t\t\t\t\t\t\t\t\t\t\t\t\t\t\t\t\t\t\t\t\t\t\t\t\t\t\t\t\t\t\t\t<\/div>\n\t\t\t\t\t\t\t<\/div>\n\t\t\t\t\t\t<\/div>\n\t\t\t\t\t<\/div>\n\t\t\t\t\t\t\t\t\t\t\t\t\t \n\t\t\t\t\t<div class=\"wpsm_col-md-4 wpsm_col-sm-6 wpsm-col-div wpsm_single_team\">\n\t\t\t\t\t\t<div class=\"wpsm_team_1_member_wrapper\">\n\t\t\t\t\t\t\t<img decoding=\"async\" class=\"img-responsive wpsm_team_1_mem_img\" src=\"https:\/\/www.procarbenin.org\/wp-content\/uploads\/2019\/10\/Romaine.png\" alt=\"Romaine AYENA\">\n\t\t\t\t\t\t\t<div class=\"wpsm_team_1_member_wrapper_inner\">\n\t\t\t\t\t\t\t\t<h3>\n\t\t\t\t\t\t\t\t\tRomaine AYENA\t\t\t\t\t\t\t\t\t<div class=\"wpsm_team_1_name_divider\"><\/div>\n\t\t\t\t\t\t\t\t<\/h3>\n\t\t\t\t\t\t\t\t<span class=\"wpsm_team_1_b_desig\"> Assistante Suivi-Evaluation bas\u00e9e \u00e0 l&#039;Unit\u00e9 R\u00e9gionale d&#039;Appui Centre <\/span> \t\t\t\t\t\t\t\t<p class=\"wpsm_team_1_b_desc\"> Dassa-Zounm\u00e8 <\/p> \t\t\t\t\t\t\t\t<div class=\"wpsm_team_1_social_div\">\n\t\t\t\t\t\t\t\t\t\t\t\t\t\t\t\t\t\t\t\t\t\t\t\t\t\t\t\t\t\t\t\t\t\t\t\t\t\t\t\t\t\t\t\t<\/div>\n\t\t\t\t\t\t\t<\/div>\n\t\t\t\t\t\t<\/div>\n\t\t\t\t\t<\/div>\n\t\t\t\t\t\t\t\t\t\t\t<\/div>\n\t\t\t\t\t\t<div class=\"wpsm_row\">\n\t\t\t\t\t\t\t\t\t\t\t\t\t\t \n\t\t\t\t\t<div class=\"wpsm_col-md-4 wpsm_col-sm-6 wpsm-col-div wpsm_single_team\">\n\t\t\t\t\t\t<div class=\"wpsm_team_1_member_wrapper\">\n\t\t\t\t\t\t\t<img decoding=\"async\" class=\"img-responsive wpsm_team_1_mem_img\" src=\"https:\/\/www.procarbenin.org\/wp-content\/uploads\/2025\/04\/CRINOT-2.jpg\" alt=\"FABRICE Crinot\">\n\t\t\t\t\t\t\t<div class=\"wpsm_team_1_member_wrapper_inner\">\n\t\t\t\t\t\t\t\t<h3>\n\t\t\t\t\t\t\t\t\tFABRICE Crinot\t\t\t\t\t\t\t\t\t<div class=\"wpsm_team_1_name_divider\"><\/div>\n\t\t\t\t\t\t\t\t<\/h3>\n\t\t\t\t\t\t\t\t<span class=\"wpsm_team_1_b_desig\"> Assistant Suivi-Evaluation bas\u00e9 \u00e0 l&#039;Unit\u00e9 R\u00e9gionale d&#039;Appui Sud <\/span> \t\t\t\t\t\t\t\t<p class=\"wpsm_team_1_b_desc\"> Bohicon <\/p> \t\t\t\t\t\t\t\t<div class=\"wpsm_team_1_social_div\">\n\t\t\t\t\t\t\t\t\t\t\t\t\t\t\t\t\t\t\t\t\t\t\t\t\t\t\t\t\t\t\t\t\t\t\t\t\t\t\t\t\t\t\t\t<\/div>\n\t\t\t\t\t\t\t<\/div>\n\t\t\t\t\t\t<\/div>\n\t\t\t\t\t<\/div>\n\t\t\t\t\t\t\t\t\t\t\t\t\t \n\t\t\t\t\t<div class=\"wpsm_col-md-4 wpsm_col-sm-6 wpsm-col-div wpsm_single_team\">\n\t\t\t\t\t\t<div class=\"wpsm_team_1_member_wrapper\">\n\t\t\t\t\t\t\t<img decoding=\"async\" class=\"img-responsive wpsm_team_1_mem_img\" src=\"https:\/\/www.procarbenin.org\/wp-content\/uploads\/2019\/10\/cropped-imo-e1738145775882.jpg\" alt=\"Rodrigue HESSOU\">\n\t\t\t\t\t\t\t<div class=\"wpsm_team_1_member_wrapper_inner\">\n\t\t\t\t\t\t\t\t<h3>\n\t\t\t\t\t\t\t\t\tRodrigue HESSOU\t\t\t\t\t\t\t\t\t<div class=\"wpsm_team_1_name_divider\"><\/div>\n\t\t\t\t\t\t\t\t<\/h3>\n\t\t\t\t\t\t\t\t<span class=\"wpsm_team_1_b_desig\"> Chef Comptable <\/span> \t\t\t\t\t\t\t\t<p class=\"wpsm_team_1_b_desc\"> Abomey-Calavi <\/p> \t\t\t\t\t\t\t\t<div class=\"wpsm_team_1_social_div\">\n\t\t\t\t\t\t\t\t\t\t\t\t\t\t\t\t\t\t\t\t\t\t\t\t\t\t\t\t\t\t\t\t\t\t\t\t\t\t\t\t\t\t\t\t<\/div>\n\t\t\t\t\t\t\t<\/div>\n\t\t\t\t\t\t<\/div>\n\t\t\t\t\t<\/div>\n\t\t\t\t\t\t\t\t\t\t\t\t\t \n\t\t\t\t\t<div class=\"wpsm_col-md-4 wpsm_col-sm-6 wpsm-col-div wpsm_single_team\">\n\t\t\t\t\t\t<div class=\"wpsm_team_1_member_wrapper\">\n\t\t\t\t\t\t\t<img decoding=\"async\" class=\"img-responsive wpsm_team_1_mem_img\" src=\"https:\/\/www.procarbenin.org\/wp-content\/uploads\/2019\/10\/Djalal-removebg-preview.png\" alt=\"Djalal-Dine KAMAROU\">\n\t\t\t\t\t\t\t<div class=\"wpsm_team_1_member_wrapper_inner\">\n\t\t\t\t\t\t\t\t<h3>\n\t\t\t\t\t\t\t\t\tDjalal-Dine KAMAROU\t\t\t\t\t\t\t\t\t<div class=\"wpsm_team_1_name_divider\"><\/div>\n\t\t\t\t\t\t\t\t<\/h3>\n\t\t\t\t\t\t\t\t<span class=\"wpsm_team_1_b_desig\"> Assistant Comptable <\/span> \t\t\t\t\t\t\t\t<p class=\"wpsm_team_1_b_desc\"> Abomey-Calavi <\/p> \t\t\t\t\t\t\t\t<div class=\"wpsm_team_1_social_div\">\n\t\t\t\t\t\t\t\t\t\t\t\t\t\t\t\t\t\t\t\t\t\t\t\t\t\t\t\t\t\t\t\t\t\t\t\t\t\t\t\t\t\t\t\t<\/div>\n\t\t\t\t\t\t\t<\/div>\n\t\t\t\t\t\t<\/div>\n\t\t\t\t\t<\/div>\n\t\t\t\t\t\t\t\t\t\t\t<\/div>\n\t\t\t\t\t\t<div class=\"wpsm_row\">\n\t\t\t\t\t\t\t\t\t\t\t\t\t\t \n\t\t\t\t\t<div class=\"wpsm_col-md-4 wpsm_col-sm-6 wpsm-col-div wpsm_single_team\">\n\t\t\t\t\t\t<div class=\"wpsm_team_1_member_wrapper\">\n\t\t\t\t\t\t\t<img decoding=\"async\" class=\"img-responsive wpsm_team_1_mem_img\" src=\"https:\/\/www.procarbenin.org\/wp-content\/uploads\/2019\/10\/OGBONI_Sans-arriere-plan.png\" alt=\"Richard OGBONI\">\n\t\t\t\t\t\t\t<div class=\"wpsm_team_1_member_wrapper_inner\">\n\t\t\t\t\t\t\t\t<h3>\n\t\t\t\t\t\t\t\t\tRichard OGBONI\t\t\t\t\t\t\t\t\t<div class=\"wpsm_team_1_name_divider\"><\/div>\n\t\t\t\t\t\t\t\t<\/h3>\n\t\t\t\t\t\t\t\t<span class=\"wpsm_team_1_b_desig\"> Secr\u00e9taire-Comptable de l&#039;Unit\u00e9 R\u00e9gionale d&#039;Appui Centre <\/span> \t\t\t\t\t\t\t\t<p class=\"wpsm_team_1_b_desc\"> Dassa-Zounm\u00e8 <\/p> \t\t\t\t\t\t\t\t<div class=\"wpsm_team_1_social_div\">\n\t\t\t\t\t\t\t\t\t\t\t\t\t\t\t\t\t\t\t\t\t\t\t\t\t\t\t\t\t\t\t\t\t\t\t\t\t\t\t\t\t\t\t\t<\/div>\n\t\t\t\t\t\t\t<\/div>\n\t\t\t\t\t\t<\/div>\n\t\t\t\t\t<\/div>\n\t\t\t\t\t\t\t\t\t\t\t\t\n\t\t<\/div>\n\t<\/div><\/h2>\n\n\n\n<p><\/p>\n","protected":false},"excerpt":{"rendered":"","protected":false},"author":7,"featured_media":0,"parent":0,"menu_order":0,"comment_status":"closed","ping_status":"closed","template":"","meta":{"_monsterinsights_skip_tracking":false,"_monsterinsights_sitenote_active":false,"_monsterinsights_sitenote_note":"","_monsterinsights_sitenote_category":0,"iawp_total_views":254,"footnotes":""},"class_list":["post-380","page","type-page","status-publish","hentry"],"aioseo_notices":[],"_links":{"self":[{"href":"https:\/\/procarbenin.org\/index.php?rest_route=\/wp\/v2\/pages\/380","targetHints":{"allow":["GET"]}}],"collection":[{"href":"https:\/\/procarbenin.org\/index.php?rest_route=\/wp\/v2\/pages"}],"about":[{"href":"https:\/\/procarbenin.org\/index.php?rest_route=\/wp\/v2\/types\/page"}],"author":[{"embeddable":true,"href":"https:\/\/procarbenin.org\/index.php?rest_route=\/wp\/v2\/users\/7"}],"replies":[{"embeddable":true,"href":"https:\/\/procarbenin.org\/index.php?rest_route=%2Fwp%2Fv2%2Fcomments&post=380"}],"version-history":[{"count":13,"href":"https:\/\/procarbenin.org\/index.php?rest_route=\/wp\/v2\/pages\/380\/revisions"}],"predecessor-version":[{"id":2091,"href":"https:\/\/procarbenin.org\/index.php?rest_route=\/wp\/v2\/pages\/380\/revisions\/2091"}],"wp:attachment":[{"href":"https:\/\/procarbenin.org\/index.php?rest_route=%2Fwp%2Fv2%2Fmedia&parent=380"}],"curies":[{"name":"wp","href":"https:\/\/api.w.org\/{rel}","templated":true}]}}